{"id":99,"date":"2021-02-24T00:37:09","date_gmt":"2021-02-23T23:37:09","guid":{"rendered":"https:\/\/przemekdanowski.com\/?page_id=99"},"modified":"2022-09-27T21:39:46","modified_gmt":"2022-09-27T20:39:46","slug":"lectures","status":"publish","type":"page","link":"https:\/\/przemekdanowski.com\/?page_id=99","title":{"rendered":"talks"},"content":{"rendered":"\n<figure class=\"wp-block-embed alignwide is-type-video is-provider-youtube wp-block-embed-youtube wp-embed-aspect-4-3 wp-has-aspect-ratio\"><div class=\"wp-block-embed__wrapper\">\n<iframe loading=\"lazy\" title=\"Wwise Up On Air | From Wwise to Reality - Delivering a Location-Based Audio System Offsite\" width=\"750\" height=\"563\" src=\"https:\/\/www.youtube.com\/embed\/1oEejYvAEkM?start=905&#038;feature=oembed\" frameborder=\"0\" allow=\"accelerometer; autoplay; clipboard-write; encrypted-media; gyroscope; picture-in-picture\" allowfullscreen><\/iframe>\n<\/div><\/figure>\n\n\n\n<h3 class=\"alignwide wp-block-heading\">27\/09\/2022, Wwise Up On Air | From Wwise to Reality &#8211; Delivering a Location-Based Audio System Offsite<\/h3>\n\n\n\n<hr class=\"wp-block-separator is-style-dots\"\/>\n\n\n\n<figure class=\"wp-block-embed alignwide is-type-video is-provider-youtube wp-block-embed-youtube wp-embed-aspect-16-9 wp-has-aspect-ratio\"><div class=\"wp-block-embed__wrapper\">\n<iframe loading=\"lazy\" title=\"Przemys\u0142aw Danowski Bardo - o t\u0119sknocie za utracon\u0105 materialno\u015bci\u0105\" width=\"750\" height=\"422\" src=\"https:\/\/www.youtube.com\/embed\/beK2FtXXFs4?feature=oembed\" frameborder=\"0\" allow=\"accelerometer; autoplay; clipboard-write; encrypted-media; gyroscope; picture-in-picture\" allowfullscreen><\/iframe>\n<\/div><\/figure>\n\n\n\n<h3 class=\"alignwide wp-block-heading\">28\/09\/2019, <em>O t\u0119sknocie za utracon\u0105 materialno\u015bci\u0105<\/em>, Digital Cultures, Warsaw, Poland<\/h3>\n\n\n\n<hr class=\"wp-block-separator is-style-dots\"\/>\n\n\n\n<figure class=\"wp-block-image alignwide size-large\"><img loading=\"lazy\" decoding=\"async\" width=\"1024\" height=\"580\" src=\"https:\/\/przemekdanowski.com\/wp-content\/uploads\/2021\/02\/Zrzut-ekranu-2021-02-24-o-01.04.30-1024x580.png\" alt=\"\" class=\"wp-image-111\" srcset=\"https:\/\/przemekdanowski.com\/wp-content\/uploads\/2021\/02\/Zrzut-ekranu-2021-02-24-o-01.04.30-1024x580.png 1024w, https:\/\/przemekdanowski.com\/wp-content\/uploads\/2021\/02\/Zrzut-ekranu-2021-02-24-o-01.04.30-300x170.png 300w, https:\/\/przemekdanowski.com\/wp-content\/uploads\/2021\/02\/Zrzut-ekranu-2021-02-24-o-01.04.30-768x435.png 768w, https:\/\/przemekdanowski.com\/wp-content\/uploads\/2021\/02\/Zrzut-ekranu-2021-02-24-o-01.04.30-1536x870.png 1536w, https:\/\/przemekdanowski.com\/wp-content\/uploads\/2021\/02\/Zrzut-ekranu-2021-02-24-o-01.04.30-2048x1159.png 2048w, https:\/\/przemekdanowski.com\/wp-content\/uploads\/2021\/02\/Zrzut-ekranu-2021-02-24-o-01.04.30-1568x888.png 1568w\" sizes=\"(max-width: 1024px) 100vw, 1024px\" \/><\/figure>\n\n\n\n<h3 class=\"alignwide wp-block-heading\">19\/08\/2020, <em><a rel=\"noreferrer noopener\" href=\"https:\/\/www.youtube.com\/watch?t=978&amp;v=i5TPqoRpl0c&amp;feature=youtu.be\" data-type=\"URL\" data-id=\"https:\/\/www.youtube.com\/watch?t=978&amp;v=i5TPqoRpl0c&amp;feature=youtu.be\" target=\"_blank\">Envelopement versus Directivity &#8211; A Golden Rule for VR Phonography<\/a><\/em>, AVAR2020 &#8211; 2020 AES International Conference on Audio For Virtual And Augmented Reality \/\/  AltspaceVR<\/h3>\n\n\n\n<hr class=\"wp-block-separator is-style-dots\"\/>\n\n\n\n<h3 class=\"alignwide wp-block-heading\">17\/11\/2020, <em><a href=\"https:\/\/www.facebook.com\/GaleriaArsenal\/videos\/854469471978079\" data-type=\"URL\" data-id=\"https:\/\/www.facebook.com\/GaleriaArsenal\/videos\/854469471978079\" target=\"_blank\" rel=\"noreferrer noopener\">Wirtualna przestrze\u0144 d\u017awi\u0119ku &#8211; tendencje i kierunki w dzia\u0142aniach interaktywnych, dokumentalnych i performatywnych<\/a><\/em>, Horyzonty Zdarze\u0144 Wirtualnych, Galeria Arsena\u0142, Bia\u0142ystok, PL.<\/h3>\n\n\n\n<hr class=\"wp-block-separator is-style-dots\"\/>\n\n\n\n<figure class=\"wp-block-embed alignwide is-type-video is-provider-youtube wp-block-embed-youtube wp-embed-aspect-16-9 wp-has-aspect-ratio\"><div class=\"wp-block-embed__wrapper\">\n<iframe loading=\"lazy\" title=\"Przemek Danowski VIRTUAL AUDIO INTERFACES, AES VIENNA 2020\" width=\"750\" height=\"422\" src=\"https:\/\/www.youtube.com\/embed\/1aeRDWk10iY?list=PLBBNl5nfK5MQ1Amkitmw1oXB-FZlyc_jz\" frameborder=\"0\" allow=\"accelerometer; autoplay; clipboard-write; encrypted-media; gyroscope; picture-in-picture\" allowfullscreen><\/iframe>\n<\/div><\/figure>\n\n\n\n<h3 class=\"alignwide wp-block-heading\">27\/05\/2020, <em>Virtual audio interfaces &#8211; interacting with sound and music in extended realities<\/em>, Audio Engineering Society Conference, AES 148th Online\/Vienna<\/h3>\n\n\n\n<hr class=\"wp-block-separator is-style-dots\"\/>\n\n\n\n<figure class=\"wp-block-embed alignwide is-type-video is-provider-youtube wp-block-embed-youtube wp-embed-aspect-16-9 wp-has-aspect-ratio\"><div class=\"wp-block-embed__wrapper\">\n<iframe loading=\"lazy\" title=\"Sounds in Space 2019 Day 1\" width=\"750\" height=\"422\" src=\"https:\/\/www.youtube.com\/embed\/xRpeQyUVad0?start=6909&#038;feature=oembed\" frameborder=\"0\" allow=\"accelerometer; autoplay; clipboard-write; encrypted-media; gyroscope; picture-in-picture\" allowfullscreen><\/iframe>\n<\/div><\/figure>\n\n\n\n<h3 class=\"alignwide wp-block-heading\">25\/06\/2019, <em>Producing Immersive Music Documentaries<\/em>, Sounds In Space, Derby, UK<\/h3>\n\n\n\n<hr class=\"wp-block-separator is-style-dots\"\/>\n\n\n\n<figure class=\"wp-block-image alignwide size-large\"><img loading=\"lazy\" decoding=\"async\" width=\"1024\" height=\"829\" src=\"https:\/\/przemekdanowski.com\/wp-content\/uploads\/2021\/03\/54729633_10156421249178585_5112296484347314176_o-1024x829.jpg\" alt=\"\" class=\"wp-image-149\" srcset=\"https:\/\/przemekdanowski.com\/wp-content\/uploads\/2021\/03\/54729633_10156421249178585_5112296484347314176_o-1024x829.jpg 1024w, https:\/\/przemekdanowski.com\/wp-content\/uploads\/2021\/03\/54729633_10156421249178585_5112296484347314176_o-300x243.jpg 300w, https:\/\/przemekdanowski.com\/wp-content\/uploads\/2021\/03\/54729633_10156421249178585_5112296484347314176_o-768x622.jpg 768w, https:\/\/przemekdanowski.com\/wp-content\/uploads\/2021\/03\/54729633_10156421249178585_5112296484347314176_o-1536x1244.jpg 1536w, https:\/\/przemekdanowski.com\/wp-content\/uploads\/2021\/03\/54729633_10156421249178585_5112296484347314176_o-1568x1270.jpg 1568w, https:\/\/przemekdanowski.com\/wp-content\/uploads\/2021\/03\/54729633_10156421249178585_5112296484347314176_o.jpg 1972w\" sizes=\"(max-width: 1024px) 100vw, 1024px\" \/><\/figure>\n\n\n\n<h3 class=\"alignwide wp-block-heading\">22\/03\/2019, <a rel=\"noreferrer noopener\" href=\"https:\/\/www.aes.org\/events\/146\/workshops\/?ID=6607\" data-type=\"URL\" data-id=\"https:\/\/www.aes.org\/events\/146\/workshops\/?ID=6607\" target=\"_blank\"><em>Video Creations for Music, Virtual Reality, Six Degrees of Freedom (6DoF) VR, and 3D Productions\u2013Case Studies<\/em><\/a>, AES 146th Dublin Convention Centre, Dublin, Ireland<\/h3>\n\n\n\n<p><\/p>\n","protected":false},"excerpt":{"rendered":"<p>27\/09\/2022, Wwise Up On Air | From Wwise to Reality &#8211; Delivering a Location-Based Audio System Offsite 28\/09\/2019, O t\u0119sknocie za utracon\u0105 materialno\u015bci\u0105, Digital Cultures, Warsaw, Poland 19\/08\/2020, Envelopement versus Directivity &#8211; A Golden Rule for VR Phonography, AVAR2020 &#8211; 2020 AES International Conference on Audio For Virtual And Augmented Reality \/\/ AltspaceVR 17\/11\/2020, Wirtualna&hellip; <a class=\"more-link\" href=\"https:\/\/przemekdanowski.com\/?page_id=99\">Continue reading <span class=\"screen-reader-text\">talks<\/span><\/a><\/p>\n","protected":false},"author":1,"featured_media":0,"parent":0,"menu_order":0,"comment_status":"closed","ping_status":"closed","template":"","meta":{"_monsterinsights_skip_tracking":false,"_monsterinsights_sitenote_active":false,"_monsterinsights_sitenote_note":"","_monsterinsights_sitenote_category":0,"footnotes":""},"_links":{"self":[{"href":"https:\/\/przemekdanowski.com\/index.php?rest_route=\/wp\/v2\/pages\/99"}],"collection":[{"href":"https:\/\/przemekdanowski.com\/index.php?rest_route=\/wp\/v2\/pages"}],"about":[{"href":"https:\/\/przemekdanowski.com\/index.php?rest_route=\/wp\/v2\/types\/page"}],"author":[{"embeddable":true,"href":"https:\/\/przemekdanowski.com\/index.php?rest_route=\/wp\/v2\/users\/1"}],"replies":[{"embeddable":true,"href":"https:\/\/przemekdanowski.com\/index.php?rest_route=%2Fwp%2Fv2%2Fcomments&post=99"}],"version-history":[{"count":17,"href":"https:\/\/przemekdanowski.com\/index.php?rest_route=\/wp\/v2\/pages\/99\/revisions"}],"predecessor-version":[{"id":278,"href":"https:\/\/przemekdanowski.com\/index.php?rest_route=\/wp\/v2\/pages\/99\/revisions\/278"}],"wp:attachment":[{"href":"https:\/\/przemekdanowski.com\/index.php?rest_route=%2Fwp%2Fv2%2Fmedia&parent=99"}],"curies":[{"name":"wp","href":"https:\/\/api.w.org\/{rel}","templated":true}]}}