{"id":95,"date":"2021-02-24T00:36:36","date_gmt":"2021-02-23T23:36:36","guid":{"rendered":"https:\/\/przemekdanowski.com\/?page_id=95"},"modified":"2021-11-25T01:22:46","modified_gmt":"2021-11-25T00:22:46","slug":"workshops","status":"publish","type":"page","link":"https:\/\/przemekdanowski.com\/?page_id=95","title":{"rendered":"workshops"},"content":{"rendered":"\n<h3 class=\"alignwide wp-block-heading\">22\/12\/2020, <em>D\u017awi\u0119k binauralny i technologia VR<\/em>, Akademia Muzyczna im. F. Nowowiejskiego w Bydgoszczy<\/h3>\n\n\n\n<h3 class=\"alignwide wp-block-heading\">13\/11\/2020, <a href=\"https:\/\/www.facebook.com\/GaleriaArsenal\/videos\/854469471978079\" data-type=\"URL\" data-id=\"https:\/\/www.facebook.com\/GaleriaArsenal\/videos\/854469471978079\" target=\"_blank\" rel=\"noreferrer noopener\"><em>Wirtualna przestrze\u0144 d\u017awi\u0119ku &#8211; tendencje i kierunki w dzia\u0142aniach interaktywnych<\/em>, dokumentalnych i performatywnych<\/a>, Galeria Arsena\u0142 Bia\u0142ystok<\/h3>\n\n\n\n<h3 class=\"alignwide wp-block-heading\">15-22\/08\/2020, <em>D\u017awi\u0119k binauralny &#8211; technologia i estetyka<\/em>, Canti Spazializzati<\/h3>\n\n\n\n<h3 class=\"alignwide wp-block-heading\">22\/12\/2019, <em>D\u017awi\u0119k w immersyjnych dokumentach muzycznych<\/em>, vnLab, PWSFiT w \u0141odzi<\/h3>\n\n\n\n<p><\/p>\n","protected":false},"excerpt":{"rendered":"<p>22\/12\/2020, D\u017awi\u0119k binauralny i technologia VR, Akademia Muzyczna im. F. Nowowiejskiego w Bydgoszczy 13\/11\/2020, Wirtualna przestrze\u0144 d\u017awi\u0119ku &#8211; tendencje i kierunki w dzia\u0142aniach interaktywnych, dokumentalnych i performatywnych, Galeria Arsena\u0142 Bia\u0142ystok 15-22\/08\/2020, D\u017awi\u0119k binauralny &#8211; technologia i estetyka, Canti Spazializzati 22\/12\/2019, D\u017awi\u0119k w immersyjnych dokumentach muzycznych, vnLab, PWSFiT w \u0141odzi<\/p>\n","protected":false},"author":1,"featured_media":0,"parent":0,"menu_order":0,"comment_status":"closed","ping_status":"closed","template":"","meta":{"_monsterinsights_skip_tracking":false,"_monsterinsights_sitenote_active":false,"_monsterinsights_sitenote_note":"","_monsterinsights_sitenote_category":0,"footnotes":""},"_links":{"self":[{"href":"https:\/\/przemekdanowski.com\/index.php?rest_route=\/wp\/v2\/pages\/95"}],"collection":[{"href":"https:\/\/przemekdanowski.com\/index.php?rest_route=\/wp\/v2\/pages"}],"about":[{"href":"https:\/\/przemekdanowski.com\/index.php?rest_route=\/wp\/v2\/types\/page"}],"author":[{"embeddable":true,"href":"https:\/\/przemekdanowski.com\/index.php?rest_route=\/wp\/v2\/users\/1"}],"replies":[{"embeddable":true,"href":"https:\/\/przemekdanowski.com\/index.php?rest_route=%2Fwp%2Fv2%2Fcomments&post=95"}],"version-history":[{"count":4,"href":"https:\/\/przemekdanowski.com\/index.php?rest_route=\/wp\/v2\/pages\/95\/revisions"}],"predecessor-version":[{"id":234,"href":"https:\/\/przemekdanowski.com\/index.php?rest_route=\/wp\/v2\/pages\/95\/revisions\/234"}],"wp:attachment":[{"href":"https:\/\/przemekdanowski.com\/index.php?rest_route=%2Fwp%2Fv2%2Fmedia&parent=95"}],"curies":[{"name":"wp","href":"https:\/\/api.w.org\/{rel}","templated":true}]}}