{"id":133,"date":"2021-03-02T17:21:09","date_gmt":"2021-03-02T16:21:09","guid":{"rendered":"https:\/\/przemekdanowski.com\/?page_id=133"},"modified":"2026-03-30T21:59:15","modified_gmt":"2026-03-30T20:59:15","slug":"news","status":"publish","type":"page","link":"https:\/\/przemekdanowski.com\/?page_id=133","title":{"rendered":"news"},"content":{"rendered":"\n<h3 class=\"wp-block-heading alignwide\">26\/01\/2026 \/\/ <a href=\"https:\/\/chopin.edu.pl\/szczegoly-aktualnosci\/3432_ad-dr-przemyslaw-danowski-otrzymal-stypendium-z-budzetu-mkidn\" data-type=\"link\" data-id=\"https:\/\/chopin.edu.pl\/szczegoly-aktualnosci\/3432_ad-dr-przemyslaw-danowski-otrzymal-stypendium-z-budzetu-mkidn\">Minister of Culture and National Heritage Scholarship<\/a><\/h3>\n\n\n\n<h3 class=\"wp-block-heading alignwide\">26\/11\/2025 \/\/ <a href=\"https:\/\/chopin.edu.pl\/research\/conferences-scientific-projects\/conference-sounds-of-the-metaverse\" data-type=\"link\" data-id=\"https:\/\/chopin.edu.pl\/research\/conferences-scientific-projects\/conference-sounds-of-the-metaverse\">&#8220;Sounds of the Metaverse&#8221;. Third edition. International conference about sound in interactive digital environments. AI in sound and music.<\/a><\/h3>\n\n\n\n<h3 class=\"wp-block-heading alignwide\">30-31\/10\/2025 \/\/ <a href=\"https:\/\/www.dok-leipzig.de\/en\/dok-exchange-xr-prototyping-zone#swarm\" data-type=\"link\" data-id=\"https:\/\/www.dok-leipzig.de\/en\/dok-exchange-xr-prototyping-zone#swarm\">SWARM @ DOK Exchange XR Prototyping Zone @ DOK Lepizig<\/a><\/h3>\n\n\n\n<h3 class=\"wp-block-heading alignwide\">05\/10\/2025 \/\/ <a href=\"https:\/\/muzyczneorly.pl\/upload\/dokumenty\/2025\/muzyczneorly2025_wyniki.pdf\" data-type=\"link\" data-id=\"https:\/\/muzyczneorly.pl\/upload\/dokumenty\/2025\/muzyczneorly2025_wyniki.pdf\">SONIC ART. SOUND PERCEPTION AND AUDIO ENGINEERING &#8211; wyr\u00f3\u017cnienie w ramach konkursu Muzyczne Or\u0142y 2025<\/a><\/h3>\n\n\n\n<h3 class=\"wp-block-heading alignwide\">30\/09\/2025 \u2013 27\/02\/2026 \/\/ <a href=\"https:\/\/www.kf.or.kr\/kf\/ru\/cnts.do?resveMasterSn=13821&amp;mi=15351\">Nightsss in Seoul, Korea as a part of Platform: Still Human (\ud50c\ub7ab\ud3fc: \ubcf4\ub2e4 \uc778\uac04\uc801\uc778) exhibition, Korea Foundation<\/a><\/h3>\n\n\n\n<h3 class=\"wp-block-heading alignwide\">21\/05\/2025 \/\/ <a href=\"https:\/\/carpathianfest.pl\/agenda\/652c9b03-eb69-43b8-8f24-dc16bc3bda3d\">Carpathian Startup Fest 2025. Muzyka przysz\u0142o\u015bci: tw\u00f3rczo\u015b\u0107, technologia, transformacja.<\/a><\/h3>\n\n\n\n<h3 class=\"wp-block-heading alignwide\">18\/05\/2025 \/\/ <a href=\"https:\/\/chopin.edu.pl\/szczegoly-wydarzenia\/1081_multimedialna-majowka\">Multimedialna Maj\u00f3wka 2025.<\/a><\/h3>\n\n\n\n<h3 class=\"wp-block-heading alignwide\">15\/04\/2025 \/\/ <a href=\"https:\/\/scenajutra.com\/agenda\/59da2da6-028f-4327-84a8-2a74ae777d0e\" data-type=\"link\" data-id=\"https:\/\/scenajutra.com\/agenda\/59da2da6-028f-4327-84a8-2a74ae777d0e\">Scena Jutra. D\u017awi\u0119ki jutra \u2013 produkcja i odbi\u00f3r audio w dobie AI.<\/a><\/h3>\n\n\n\n<h3 class=\"wp-block-heading alignwide\">27-30\/03\/2025 \/\/ <a href=\"https:\/\/oska-konferencja.pl\" data-type=\"link\" data-id=\"https:\/\/oska-konferencja.pl\">OSKA Og\u00f3lnopolska Studencka Konferencja Akustyk\u00f3w<\/a><\/h3>\n\n\n\n<h3 class=\"wp-block-heading alignwide\">25\/12\/2024 \/\/ <a href=\"https:\/\/www.efryderyk.pl\/ksiazki\/746-sonic-art-sound-perception-and-audio-engineering-red-a-miskiewicz-t-rogala-9788365990631.html\">SONIC ART. SOUND PERCEPTION AND AUDIO ENGINEERING<\/a> <\/h3>\n\n\n\n<h3 class=\"wp-block-heading alignwide\">23-24\/11\/2024 \/\/ <a href=\"https:\/\/chopin.edu.pl\/research\/conferences-scientific-projects\/conference-sounds-of-the-metaverse\" data-type=\"link\" data-id=\"https:\/\/chopin.edu.pl\/research\/conferences-scientific-projects\/conference-sounds-of-the-metaverse\">&#8220;Sounds of the Metaverse&#8221;. Second edition. International conference about sound in interactive digital environments, including key presentation of Avatar Orchestra Metaverse.<\/a><\/h3>\n\n\n\n<h3 class=\"wp-block-heading alignwide\">31\/10\/2024 \/\/ <a href=\"https:\/\/www.dok-leipzig.de\/en\/experts\" data-type=\"link\" data-id=\"https:\/\/www.dok-leipzig.de\/en\/experts\">DOK EXCHANGE XR expert @ DOK Leipzig<\/a><\/h3>\n\n\n\n<h3 class=\"wp-block-heading alignwide\">17\/05\/2024 \/\/ <a href=\"https:\/\/www.wirtualium.agh.edu.pl\/konferencja-naukowa\" data-type=\"link\" data-id=\"https:\/\/www.wirtualium.agh.edu.pl\/konferencja-naukowa\">&#8220;Drgania metawersum, czyli dotyk na odleg\u0142o\u015b\u0107 i cyfrowe powietrze. O immersyjnych praktykach d\u017awi\u0119kowych&#8221;, wyk\u0142ad ekspercki w ramach konferencji Wirtualium 3.0<\/a><\/h3>\n\n\n\n<h3 class=\"wp-block-heading alignwide\">13-19\/05\/2024 \/\/ <a href=\"https:\/\/archiwum2024.wkinach.mdag.pl\/21\/en\/warszawa\/event\/Sekcja-doswiadczen-VR---VR\" data-type=\"link\" data-id=\"https:\/\/archiwum2024.wkinach.mdag.pl\/21\/en\/warszawa\/event\/Sekcja-doswiadczen-VR---VR\">&#8220;Close&#8221; by Hana Umeda at Millenium Docs Against Gravity, MDAG Vision section<\/a><\/h3>\n\n\n\n<h3 class=\"wp-block-heading alignwide\">11-13\/04\/2024 \/\/ <a href=\"https:\/\/www.womex.com\/virtual\/chopin_university_of\/event\/umfc_vr\" data-type=\"URL\" data-id=\"https:\/\/www.womex.com\/virtual\/chopin_university_of\/event\/umfc_vr\">UMFC VR at jazzahead! 2024 in Bremen, as a part of Polish expo hosted by Adam Mickiewicz Institute<\/a><\/h3>\n\n\n\n<h3 class=\"wp-block-heading alignwide\">29\/11\/2023 \/\/ <a href=\"https:\/\/chopin.edu.pl\/nauka\/konferencje-projekty-naukowe\/konferencja-sounds-of-the-metaverse\" data-type=\"URL\" data-id=\"https:\/\/chopin.edu.pl\/nauka\/seminaria-konferencje-projekty-naukowe\/konferencja-sounds-of-the-metaverse\">&#8220;Sounds of the Metaverse&#8221;. Conference about sound in interactive digital environments.<\/a><\/h3>\n\n\n\n<h3 class=\"wp-block-heading alignwide\">8-19\/11\/2023 \/\/ <a href=\"https:\/\/festival.idfa.nl\/en\/film\/21388c56-6e9e-4f8c-bb42-d81de8e185c2\/close\/\" data-type=\"URL\" data-id=\"https:\/\/festival.idfa.nl\/en\/film\/21388c56-6e9e-4f8c-bb42-d81de8e185c2\/close\/\">&#8220;Close&#8221; by Hana Umeda at IDFA 2023 Festival<\/a><\/h3>\n\n\n\n<h3 class=\"wp-block-heading alignwide\">25-29\/10\/2023 \/\/ <a href=\"https:\/\/www.womex.com\/virtual\/chopin_university_of\/event\/umfc_vr\" data-type=\"URL\" data-id=\"https:\/\/www.womex.com\/virtual\/chopin_university_of\/event\/umfc_vr\">UMFC VR at WOMEX 2023 in A Coru\u00f1a, Spain<\/a><\/h3>\n\n\n\n<h3 class=\"wp-block-heading alignwide\">14\/10\/2023 \/\/ <a href=\"https:\/\/isset2023.ire.pw.edu.pl\/programme\/\" data-type=\"URL\" data-id=\"https:\/\/isset2023.ire.pw.edu.pl\/programme\/\">Workshop &#8211; &#8220;Reclaiming scene-based type in Dolby Atmos ADM profile using SPS B-format decomposition and t-design array of objects&#8221; at International Symposium on Sound Engineering and Tonmeistering &#8216;2023<\/a><\/h3>\n\n\n\n<h3 class=\"wp-block-heading alignwide\">23\/08\/2023 \/\/ <a href=\"https:\/\/2023spatialimmersiveaudio.sched.com\/event\/1PbsG?iframe=no#_=_\">AES International Conference on Spatial and Immersive Audio \/\/  &#8220;A commonly-accessible toolchain for live streaming music events with higher-order ambisonic audio and 4k 360 vision&#8221; &#8211; poster presentation by Bart\u0142omiej Mr\u00f3z (Gda\u0144sk University of Technology), in collaboration with UMFC VR<\/a><\/h3>\n\n\n\n<h3 class=\"wp-block-heading alignwide\">06\/2023 + 09\/2023 \/\/ <a href=\"https:\/\/www.directionearth.space\/en\/creative-campus\">Mentoring during Creative Campus in Direction Earth\/Space project conducted by Science Now and European Space Agency<\/a><\/h3>\n\n\n\n<h3 class=\"wp-block-heading alignwide\">31\/05\/2023 \/\/ <a href=\"https:\/\/chopin.edu.pl\/uploaded_files\/1684312825_1684236398streszczenie-pracy-doktorskiej-przemyslawa-danowsk.pdf\">Council of the Fryderyk Chopin University of Music awarded a PhD with a distinction for successfully defending a thesis on creating immersive music documentaries<\/a><\/h3>\n\n\n\n<h3 class=\"wp-block-heading alignwide\">04\/05\/2023 \/\/ <a href=\"https:\/\/www.okx.com\/activities\/okxcollectivemetaverse\">Everdome OKX Collective Metaverse with Manchester City football stars and Oliver Heldens DJ performance (collaboration as immersive &amp; interactive audio director<\/a>)<\/h3>\n\n\n\n<figure class=\"wp-block-embed alignwide is-type-video is-provider-youtube wp-block-embed-youtube wp-embed-aspect-16-9 wp-has-aspect-ratio\"><div class=\"wp-block-embed__wrapper\">\n<iframe loading=\"lazy\" title=\"Connexion \/\/ Oxygene pt. 1 (binaural audio - use headphones)\" width=\"750\" height=\"422\" src=\"https:\/\/www.youtube.com\/embed\/WwtJ4lmszPI?feature=oembed\" frameborder=\"0\" allow=\"accelerometer; autoplay; clipboard-write; encrypted-media; gyroscope; picture-in-picture; web-share\" referrerpolicy=\"strict-origin-when-cross-origin\" allowfullscreen><\/iframe>\n<\/div><figcaption class=\"wp-element-caption\">Connexion \/\/ Oxygene performance for Jean-Michel Jarre<\/figcaption><\/figure>\n\n\n\n<h3 class=\"wp-block-heading alignwide\">20\/10\/2022 \/\/ <a href=\"https:\/\/www.dok-leipzig.de\/en\/dok-exchange-xr\" data-type=\"URL\" data-id=\"https:\/\/www.dok-leipzig.de\/en\/dok-exchange-xr\">DOK Exchange XR @ DOK Leipzig &#8211; keynote: Immersive audio for mindful embodiment<\/a><\/h3>\n\n\n\n<h3 class=\"wp-block-heading alignwide\">27\/09\/2022 \/\/ <a href=\"https:\/\/youtu.be\/1oEejYvAEkM?t=909\" data-type=\"URL\" data-id=\"https:\/\/youtu.be\/1oEejYvAEkM?t=909\">Wwise Up On Air | From Wwise to Reality &#8211; Delivering a Location-Based Audio System Offsite &#8211; talk with Damian Kastbauer from Audiokinetic<\/a><\/h3>\n\n\n\n<h3 class=\"wp-block-heading alignwide\">01\/09\/2022 \/\/ <a rel=\"noreferrer noopener\" href=\"https:\/\/patchlab.pl\" data-type=\"URL\" data-id=\"https:\/\/patchlab.pl\" target=\"_blank\">PATCHLAB | digital art festival &#8211; audiovisual ID for 2022 edition created by INEXSISTENS<\/a><\/h3>\n\n\n\n<h3 class=\"wp-block-heading alignwide\">01\/06\/2022 \/\/ <a href=\"https:\/\/newimagesfestival.com\/en\/xr-art-fair-companies-projects-2022\/\" data-type=\"URL\" data-id=\"https:\/\/newimagesfestival.com\/en\/xr-art-fair-companies-projects-2022\/\">INEXSISTENS will showcase BARDO, CONNEXION &amp; LOVESTORY @ newImages festival XR ART FAIR online and IRL,<\/a> forum des images, Paris, France<\/h3>\n\n\n\n<h3 class=\"wp-block-heading alignwide\">27\/03\/2022 \/\/ <a href=\"https:\/\/cphdox.dk\/swarm\/\" data-type=\"URL\" data-id=\"https:\/\/cphdox.dk\/swarm\/\">Teaser of &#8220;SWARM&#8221; VR experience directed by Ula Sowa presented at CPH:DOX, audio directed by Przemek Danowski<\/a><\/h3>\n\n\n\n<h3 class=\"wp-block-heading alignwide\">14\/02\/2022 \/\/ <a rel=\"noreferrer noopener\" href=\"https:\/\/distrokid.com\/hyperfollow\/inexsistens\/connexion-stereo-version\" data-type=\"URL\" data-id=\"https:\/\/distrokid.com\/hyperfollow\/inexsistens\/connexion-stereo-version\" target=\"_blank\">Music single &#8220;connexion&#8221; by INEXSISTENS premiere on music streaming services (Spotify, Apple Music, Amazon, Deezer, Tidal and other)<\/a><\/h3>\n\n\n\n<h3 class=\"wp-block-heading alignwide\">11\/01\/2022 \/\/ <a rel=\"noreferrer noopener\" href=\"https:\/\/nordicsound.org\" data-type=\"URL\" data-id=\"https:\/\/nordicsound.org\" target=\"_blank\">&#8220;Virtual Space as a placeholder for music events&#8221;, lecture for Nordic Streaming Association<\/a><\/h3>\n\n\n\n<h3 class=\"wp-block-heading alignwide\">05\/12\/2021 \/\/ <a rel=\"noreferrer noopener\" href=\"https:\/\/teatrstudio.pl\/pl\/aktualnosci\/wyobcowanie-z-vr\/\" data-type=\"URL\" data-id=\"https:\/\/teatrstudio.pl\/pl\/aktualnosci\/wyobcowanie-z-vr\/\" target=\"_blank\">Lovestory &amp; Nightsss w Galerii Studio w ramach wystawy &#8220;(Wy)Obcowanie z VR&#8221;<\/a><\/h3>\n\n\n\n<h3 class=\"wp-block-heading alignwide\">13\/11\/2021 \/\/ Wyk\u0142ad &#8220;Przestrze\u0144 wirtualna jako \u015brodowisko dzia\u0142a\u0144 performatywnych&#8221; w ramach Fina\u0142u IV Konkursu Tw\u00f3rc\u00f3w Lalek Teatralnych ANIMATUS, Instytut Dizajnu w Kielcach<\/h3>\n\n\n\n<h3 class=\"wp-block-heading alignwide\">26\/10\/2021 \/\/ <a rel=\"noreferrer noopener\" href=\"https:\/\/www.ji-hlava.com\/filmy\/nightsss\" data-type=\"URL\" data-id=\"https:\/\/www.ji-hlava.com\/filmy\/nightsss\" target=\"_blank\">Nightsss at 25th Ji.hlava International Documentary Film Festival, Czech Republic<\/a><\/h3>\n\n\n\n<figure class=\"wp-block-image alignwide size-large\"><a href=\"https:\/\/galeria-arsenal.pl\/wystawy\/liminal-stan-przejsciowy\"><img decoding=\"async\" src=\"https:\/\/galeria-arsenal.pl\/images\/upload\/wystawy\/2021\/limnal-stan_przejsciowy\/pjm\/Wroblewski_Isakov_Danovski_LOVESTORY_2.png\" alt=\"\"\/><\/a><\/figure>\n\n\n\n<h3 class=\"wp-block-heading alignwide\">22\/10\/2021 \/\/ <a rel=\"noreferrer noopener\" href=\"https:\/\/galeria-arsenal.pl\/wystawy\/liminal-stan-przejsciowy\" data-type=\"URL\" data-id=\"https:\/\/galeria-arsenal.pl\/wystawy\/liminal-stan-przejsciowy\" target=\"_blank\">LIMINAL \u2013 THE TRANSITIONAL STATE<\/a>, Galeria Arsena\u0142, Bia\u0142ystok<\/h3>\n\n\n\n<h3 class=\"wp-block-heading alignwide\">16\/10\/2021 \/\/ <a href=\"https:\/\/www.facebook.com\/events\/928115514718250\/\">Canti Spazializzati #9: Pole Neutralne, Dizajn &#8211; BWA Wroc\u0142aw<\/a><\/h3>\n\n\n\n<h3 class=\"wp-block-heading alignwide\">01\/10\/2021  \/\/ <a rel=\"noreferrer noopener\" href=\"https:\/\/www.expo2020dubai.com\/\" data-type=\"URL\" data-id=\"https:\/\/www.expo2020dubai.com\/\" target=\"_blank\">Poland at EXPO 2020 in Dubai &#8211; Landscapes of Creativity<\/a><\/h3>\n\n\n\n<h3 class=\"wp-block-heading alignwide\">12\/08\/2021 \/\/ <a href=\"https:\/\/www.nowehoryzonty.pl\/akt.do?id=5809\" data-type=\"URL\" data-id=\"https:\/\/www.nowehoryzonty.pl\/akt.do?id=5809\">Nightsss Polish premiere at Nowe Horyzonty Festival<\/a><\/h3>\n\n\n\n<h3 class=\"wp-block-heading alignwide\">14\/06\/2021 \/\/ <a rel=\"noreferrer noopener\" href=\"https:\/\/mmm.filharmonia.szczecin.pl\/en\/\" target=\"_blank\">Lecture on Virtual Venues and Spatial Audio for MMM programme led by Szczecin Philharmonic Hall in partnership with TRAFO Center for Contemporary Art (Poland) and Fjord Cadenza Festival (Norway)<\/a><\/h3>\n\n\n\n<figure class=\"wp-block-embed alignwide is-type-video is-provider-youtube wp-block-embed-youtube wp-embed-aspect-16-9 wp-has-aspect-ratio\"><div class=\"wp-block-embed__wrapper\">\n<iframe loading=\"lazy\" title=\"CONNEXION performed at 5th International Symposium on Sonic Art and Spatial Audio - klingt gut! 2021\" width=\"750\" height=\"422\" src=\"https:\/\/www.youtube.com\/embed\/1jyxLFTQKqk?feature=oembed\" frameborder=\"0\" allow=\"accelerometer; autoplay; clipboard-write; encrypted-media; gyroscope; picture-in-picture; web-share\" referrerpolicy=\"strict-origin-when-cross-origin\" allowfullscreen><\/iframe>\n<\/div><\/figure>\n\n\n\n<h3 class=\"wp-block-heading alignwide\">15\/05\/2021 \/\/ <a rel=\"noreferrer noopener\" href=\"https:\/\/www.tonlabor-haw.de\/klg\/klingtgut-2020\" target=\"_blank\">CONNEXION at klingt gut! 5th International Symposium on Sonic Art and Spatial Audio<\/a><\/h3>\n\n\n\n<h3 class=\"wp-block-heading alignwide\">15\/04\/2021 \/\/ <a href=\"https:\/\/web.archive.org\/web\/20220519080100\/https:\/\/www.imaginefilmfestival.nl\/en\/film\/vr-lovestory-2\/\" target=\"_blank\" rel=\"noreferrer noopener\">LOVESTORY &#8211; Postsexual Telematic Experience \/\/ Performance &#8211; premiere @ Imagine Film Festival Amsterdam<\/a><\/h3>\n\n\n\n<h3 class=\"wp-block-heading alignwide\">20\/03\/2021 \/\/ <a href=\"https:\/\/web.archive.org\/web\/20210723223053\/https:\/\/vnlab.filmschool.lodz.pl\/pracownia-vr-ar\/nightsss-noccc-z-nagroda-za-najlepsze-zaprojektowanie-dzwieku\/\" data-type=\"URL\" data-id=\"http:\/\/vnlab.filmschool.lodz.pl\/pracownia-vr-ar\/nightsss-noccc-z-nagroda-za-najlepsze-zaprojektowanie-dzwieku\/\" target=\"_blank\" rel=\"noreferrer noopener\">Nightsss has won <strong>BEST VR SOUND DESIGN AWARD<\/strong> at CINEQUEST FILM &amp; CREATIVITY FESTIVAL in San Jose, USA.<\/a><\/h3>\n\n\n\n<h3 class=\"wp-block-heading alignwide\">16\/03\/2021 \/\/ <a href=\"https:\/\/www.aes.org\/sections\/southgerman\/blog\/2021\/3\/meeting-2021-3-16\" target=\"_blank\" rel=\"noreferrer noopener\">AES South German Section Research Colloquium #4: The VR Audio Roundtable<\/a><\/h3>\n\n\n\n<h3 class=\"wp-block-heading alignwide\">13\/03\/2021+20\/03\/2021 \/\/ workshop :: <a rel=\"noreferrer noopener\" href=\"https:\/\/www.facebook.com\/events\/185348223021389\/?event_time_id=185348223021389\" data-type=\"URL\" data-id=\"https:\/\/www.facebook.com\/events\/185348223021389\/?event_time_id=185348223021389\" target=\"_blank\">Canti Spazializzati Sound Lab 2021 &#8211; komponowanie wirtualnej akustyki<\/a><\/h3>\n\n\n\n<h3 class=\"wp-block-heading alignwide\">29\/01\/2021 \/\/ world premiere: <a rel=\"noreferrer noopener\" href=\"https:\/\/fpg.festival.sundance.org\/new-frontier-info\/5fd196e263d677158fc3a889\" target=\"_blank\">Nightsss at Sundance Film Festival \/ New Frontiers<\/a><\/h3>\n","protected":false},"excerpt":{"rendered":"<p>26\/01\/2026 \/\/ Minister of Culture and National Heritage Scholarship 26\/11\/2025 \/\/ &#8220;Sounds of the Metaverse&#8221;. Third edition. International conference about sound in interactive digital environments. AI in sound and music. 30-31\/10\/2025 \/\/ SWARM @ DOK Exchange XR Prototyping Zone @ DOK Lepizig 05\/10\/2025 \/\/ SONIC ART. SOUND PERCEPTION AND AUDIO ENGINEERING &#8211; wyr\u00f3\u017cnienie w ramach&hellip; <a class=\"more-link\" href=\"https:\/\/przemekdanowski.com\/?page_id=133\">Continue reading <span class=\"screen-reader-text\">news<\/span><\/a><\/p>\n","protected":false},"author":1,"featured_media":0,"parent":0,"menu_order":0,"comment_status":"closed","ping_status":"closed","template":"","meta":{"_monsterinsights_skip_tracking":false,"_monsterinsights_sitenote_active":false,"_monsterinsights_sitenote_note":"","_monsterinsights_sitenote_category":0,"footnotes":""},"_links":{"self":[{"href":"https:\/\/przemekdanowski.com\/index.php?rest_route=\/wp\/v2\/pages\/133"}],"collection":[{"href":"https:\/\/przemekdanowski.com\/index.php?rest_route=\/wp\/v2\/pages"}],"about":[{"href":"https:\/\/przemekdanowski.com\/index.php?rest_route=\/wp\/v2\/types\/page"}],"author":[{"embeddable":true,"href":"https:\/\/przemekdanowski.com\/index.php?rest_route=\/wp\/v2\/users\/1"}],"replies":[{"embeddable":true,"href":"https:\/\/przemekdanowski.com\/index.php?rest_route=%2Fwp%2Fv2%2Fcomments&post=133"}],"version-history":[{"count":80,"href":"https:\/\/przemekdanowski.com\/index.php?rest_route=\/wp\/v2\/pages\/133\/revisions"}],"predecessor-version":[{"id":390,"href":"https:\/\/przemekdanowski.com\/index.php?rest_route=\/wp\/v2\/pages\/133\/revisions\/390"}],"wp:attachment":[{"href":"https:\/\/przemekdanowski.com\/index.php?rest_route=%2Fwp%2Fv2%2Fmedia&parent=133"}],"curies":[{"name":"wp","href":"https:\/\/api.w.org\/{rel}","templated":true}]}}